{"id":516,"date":"2020-10-31T22:24:43","date_gmt":"2020-10-31T21:24:43","guid":{"rendered":"http:\/\/kolorykrakowa.pl\/?page_id=516"},"modified":"2020-10-31T22:29:11","modified_gmt":"2020-10-31T21:29:11","slug":"szopka-krakowska-w-sieci-tradycji-odc-1-budowa-konstrukcji","status":"publish","type":"page","link":"http:\/\/kolorykrakowa.pl\/index.php\/porady-szopkarskie\/szopka-krakowska-w-sieci-tradycji-odc-1-budowa-konstrukcji\/","title":{"rendered":"Budowa konstrukcji"},"content":{"rendered":"\n<p>Film podpowiada wybrane techniki i sposoby wykonania tradycyjnej szopki krakowskiej. W odcinku pierwszych przedstawiono wyrysowywanie i tworzenie element\u00f3w konstrukcji z tektury litej i kleju CR, monta\u017c o\u015bwietlenia i ustawienie od podstaw konstrukcji szopki. Film prezentuje budow\u0119 element\u00f3w szopki, kt\u00f3ra nast\u0119pnie pos\u0142u\u017cy\u0142a do spektaklu kukie\u0142kowego on-line. <\/p>\n\n\n\n<figure class=\"wp-block-embed-youtube wp-block-embed is-type-video is-provider-youtube wp-embed-aspect-16-9 wp-has-aspect-ratio\"><div class=\"wp-block-embed__wrapper\">\n<iframe loading=\"lazy\" title=\"Szopka krakowska - w sieci tradycji. Odc. 1 - budowa konstrukcji\" width=\"640\" height=\"360\" src=\"https:\/\/www.youtube.com\/embed\/0600rrBWy54?start=128&#038;feature=oembed\" frameborder=\"0\" allow=\"accelerometer; autoplay; clipboard-write; encrypted-media; gyroscope; picture-in-picture\" allowfullscreen><\/iframe>\n<\/div><\/figure>\n\n\n\n<p>Film powsta\u0142 we wsp\u00f3\u0142pracy z Muzeum Krakowa. <\/p>\n\n\n\n<p>Muzyka: Kevin MacLeod, Hidden Agenda.  <\/p>\n\n\n\n<p>Projekt \u201eW sieci tradycji. Szopka krakowska on-line&#8221; zrealizowano w ramach programu stypendialnego Ministra Kultury i Dziedzictwa Narodowego \u2013 Kultura w sieci. <\/p>\n\n\n\n<figure class=\"wp-block-image\"><img loading=\"lazy\" width=\"351\" height=\"331\" src=\"http:\/\/kolorykrakowa.pl\/wp-content\/uploads\/2020\/10\/stypendium_czerwona-1.jpg\" alt=\"\" class=\"wp-image-508\" srcset=\"http:\/\/kolorykrakowa.pl\/wp-content\/uploads\/2020\/10\/stypendium_czerwona-1.jpg 351w, http:\/\/kolorykrakowa.pl\/wp-content\/uploads\/2020\/10\/stypendium_czerwona-1-300x283.jpg 300w\" sizes=\"(max-width: 351px) 100vw, 351px\" \/><\/figure>\n\n\n\n<p><a href=\"https:\/\/www.youtube.com\/results?search_query=%23kulturawsieci\">#kulturawsieci<\/a><a href=\"https:\/\/www.youtube.com\/results?search_query=%23szopkakrakowska\">#szopkakrakowska<\/a><\/p>\n","protected":false},"excerpt":{"rendered":"<p>Film podpowiada wybrane techniki i sposoby wykonania tradycyjnej szopki krakowskiej. W odcinku pierwszych przedstawiono wyrysowywanie i tworzenie element\u00f3w konstrukcji z [&hellip;]<\/p>\n","protected":false},"author":1,"featured_media":0,"parent":431,"menu_order":0,"comment_status":"closed","ping_status":"closed","template":"","meta":{"_mi_skip_tracking":false,"_monsterinsights_sitenote_active":false,"_monsterinsights_sitenote_note":"","_monsterinsights_sitenote_category":0},"_links":{"self":[{"href":"http:\/\/kolorykrakowa.pl\/index.php\/wp-json\/wp\/v2\/pages\/516"}],"collection":[{"href":"http:\/\/kolorykrakowa.pl\/index.php\/wp-json\/wp\/v2\/pages"}],"about":[{"href":"http:\/\/kolorykrakowa.pl\/index.php\/wp-json\/wp\/v2\/types\/page"}],"author":[{"embeddable":true,"href":"http:\/\/kolorykrakowa.pl\/index.php\/wp-json\/wp\/v2\/users\/1"}],"replies":[{"embeddable":true,"href":"http:\/\/kolorykrakowa.pl\/index.php\/wp-json\/wp\/v2\/comments?post=516"}],"version-history":[{"count":3,"href":"http:\/\/kolorykrakowa.pl\/index.php\/wp-json\/wp\/v2\/pages\/516\/revisions"}],"predecessor-version":[{"id":781,"href":"http:\/\/kolorykrakowa.pl\/index.php\/wp-json\/wp\/v2\/pages\/516\/revisions\/781"}],"up":[{"embeddable":true,"href":"http:\/\/kolorykrakowa.pl\/index.php\/wp-json\/wp\/v2\/pages\/431"}],"wp:attachment":[{"href":"http:\/\/kolorykrakowa.pl\/index.php\/wp-json\/wp\/v2\/media?parent=516"}],"curies":[{"name":"wp","href":"https:\/\/api.w.org\/{rel}","templated":true}]}}