{"id":431,"date":"2020-06-02T22:08:12","date_gmt":"2020-06-02T20:08:12","guid":{"rendered":"http:\/\/kolorykrakowa.pl\/?page_id=431"},"modified":"2022-05-30T22:49:27","modified_gmt":"2022-05-30T20:49:27","slug":"porady-szopkarskie","status":"publish","type":"page","link":"http:\/\/kolorykrakowa.pl\/index.php\/porady-szopkarskie\/","title":{"rendered":"Porady szopkarskie"},"content":{"rendered":"\n<p>W tym miejscu b\u0119d\u0119 dzieli\u0107 si\u0119 poradami dotycz\u0105cymi sztuki wykonywania szopek krakowskich. B\u0119d\u0119 opiera\u0107 si\u0119 na w\u0142asnych do\u015bwiadczeniach oraz porad przekazanych mi przez dziadka. Moje podpowiedzi i sugestie mog\u0105 by\u0107 pomocne zw\u0142aszcza dla os\u00f3b, kt\u00f3re rozpoczynaj\u0105 przygod\u0119 z szopkami krakowskimi. Ka\u017cdy z tw\u00f3rc\u00f3w wypracowuje w\u0142asny styl, jednak warto skorzysta\u0107 z do\u015bwiadcze\u0144 innych szopkarzy, aby unikn\u0105\u0107 podstawowych b\u0142\u0119d\u00f3w i rozwija\u0107 swoj\u0105 indywidualn\u0105 technik\u0119 oraz realizowa\u0107 w\u0142asne projekty. Ja te\u017c nadal si\u0119 ucz\u0119 i ch\u0119tnie przyjmuj\u0119 porady od innych do\u015bwiadczonych szopkarek i szopkarzy.<\/p>\n\n\n\n<figure class=\"wp-block-image\"><img loading=\"lazy\" width=\"682\" height=\"1024\" src=\"http:\/\/kolorykrakowa.pl\/wp-content\/uploads\/2020\/06\/IMG_0186-2-682x1024.jpg\" alt=\"\" class=\"wp-image-447\" srcset=\"http:\/\/kolorykrakowa.pl\/wp-content\/uploads\/2020\/06\/IMG_0186-2-682x1024.jpg 682w, http:\/\/kolorykrakowa.pl\/wp-content\/uploads\/2020\/06\/IMG_0186-2-200x300.jpg 200w, http:\/\/kolorykrakowa.pl\/wp-content\/uploads\/2020\/06\/IMG_0186-2-768x1153.jpg 768w, http:\/\/kolorykrakowa.pl\/wp-content\/uploads\/2020\/06\/IMG_0186-2-480x721.jpg 480w, http:\/\/kolorykrakowa.pl\/wp-content\/uploads\/2020\/06\/IMG_0186-2.jpg 901w\" sizes=\"(max-width: 682px) 100vw, 682px\" \/><\/figure>\n\n\n\n<p>Fotografia z ksi\u0105\u017cki M.Kwieci\u0144ska, M.Niechaj, &#8222;Portrety tw\u00f3rc\u00f3w szopek krakowskich&#8221;, wyd. Muzeum Historyczne Miasta Krakowa 2012.<\/p>\n\n\n\n<ul><li><a href=\"http:\/\/kolorykrakowa.pl\/index.php\/porady-szopkarskie\/szopka-krakowska-w-sieci-tradycji-odc-1-budowa-konstrukcji\/\" data-type=\"URL\" data-id=\"http:\/\/kolorykrakowa.pl\/index.php\/porady-szopkarskie\/szopka-krakowska-w-sieci-tradycji-odc-1-budowa-konstrukcji\/\">Budowa konstrukcji<\/a><\/li><li><a href=\"http:\/\/kolorykrakowa.pl\/index.php\/porady-szopkarskie\/detale-i-figurki\/\" data-type=\"URL\" data-id=\"http:\/\/kolorykrakowa.pl\/index.php\/porady-szopkarskie\/detale-i-figurki\/\">Detale i figurki<\/a><\/li><li><a href=\"http:\/\/kolorykrakowa.pl\/index.php\/porady-szopkarskie\/figurki\/\" data-type=\"URL\" data-id=\"http:\/\/kolorykrakowa.pl\/index.php\/porady-szopkarskie\/figurki\/\">Figurki<\/a><\/li><li><a href=\"http:\/\/kolorykrakowa.pl\/index.php\/porady-szopkarskie\/oklejanie-i-ozdabianie\/\" data-type=\"URL\" data-id=\"http:\/\/kolorykrakowa.pl\/index.php\/porady-szopkarskie\/oklejanie-i-ozdabianie\/\">Oklejanie i ozdabianie<\/a><\/li><\/ul>\n","protected":false},"excerpt":{"rendered":"<p>W tym miejscu b\u0119d\u0119 dzieli\u0107 si\u0119 poradami dotycz\u0105cymi sztuki wykonywania szopek krakowskich. B\u0119d\u0119 opiera\u0107 si\u0119 na w\u0142asnych do\u015bwiadczeniach oraz porad [&hellip;]<\/p>\n","protected":false},"author":1,"featured_media":0,"parent":0,"menu_order":0,"comment_status":"closed","ping_status":"closed","template":"","meta":{"_mi_skip_tracking":false,"_monsterinsights_sitenote_active":false,"_monsterinsights_sitenote_note":"","_monsterinsights_sitenote_category":0},"_links":{"self":[{"href":"http:\/\/kolorykrakowa.pl\/index.php\/wp-json\/wp\/v2\/pages\/431"}],"collection":[{"href":"http:\/\/kolorykrakowa.pl\/index.php\/wp-json\/wp\/v2\/pages"}],"about":[{"href":"http:\/\/kolorykrakowa.pl\/index.php\/wp-json\/wp\/v2\/types\/page"}],"author":[{"embeddable":true,"href":"http:\/\/kolorykrakowa.pl\/index.php\/wp-json\/wp\/v2\/users\/1"}],"replies":[{"embeddable":true,"href":"http:\/\/kolorykrakowa.pl\/index.php\/wp-json\/wp\/v2\/comments?post=431"}],"version-history":[{"count":9,"href":"http:\/\/kolorykrakowa.pl\/index.php\/wp-json\/wp\/v2\/pages\/431\/revisions"}],"predecessor-version":[{"id":788,"href":"http:\/\/kolorykrakowa.pl\/index.php\/wp-json\/wp\/v2\/pages\/431\/revisions\/788"}],"wp:attachment":[{"href":"http:\/\/kolorykrakowa.pl\/index.php\/wp-json\/wp\/v2\/media?parent=431"}],"curies":[{"name":"wp","href":"https:\/\/api.w.org\/{rel}","templated":true}]}}